{"id":1495,"date":"2016-06-02T06:38:09","date_gmt":"2016-06-02T05:38:09","guid":{"rendered":"http:\/\/sentierdescultures.fr\/?page_id=1495"},"modified":"2016-06-07T15:25:10","modified_gmt":"2016-06-07T14:25:10","slug":"nouvelles-videos-2","status":"publish","type":"page","link":"https:\/\/sentierdescultures.fr\/?page_id=1495","title":{"rendered":"L&rsquo;inauguration du sentier"},"content":{"rendered":"<p>[vc_row][vc_column][vc_column_text css_animation=\u00a0\u00bbappear\u00a0\u00bb css=\u00a0\u00bb.vc_custom_1465308759186{border-radius: 10px !important;}\u00a0\u00bb]<\/p>\n<h1 style=\"text-align: center;\">L&rsquo;inauguration du Sentier<\/h1>\n<p>[\/vc_column_text][\/vc_column][\/vc_row][vc_row css=\u00a0\u00bb.vc_custom_1465309144881{background-image: url(http:\/\/sentierdescultures.fr\/wp-content\/uploads\/2016\/06\/rendu-01.jpg?id=1576) !important;background-position: center !important;background-repeat: no-repeat !important;background-size: cover !important;}\u00a0\u00bb][vc_column width=\u00a0\u00bb1\/2&Prime; css=\u00a0\u00bb.vc_custom_1465309365308{margin-top: 0px !important;margin-right: 0px !important;margin-bottom: 0px !important;margin-left: 250px !important;}\u00a0\u00bb][vc_video link=\u00a0\u00bbhttps:\/\/www.youtube.com\/watch?v=el7fI5Gp5Ek\u00a0\u00bb align=\u00a0\u00bbcenter\u00a0\u00bb title=\u00a0\u00bbPierre Rabhi\u00a0\u00bb][\/vc_column][\/vc_row][vc_row][vc_column width=\u00a0\u00bb1\/3&Prime;][vc_video link=\u00a0\u00bbhttps:\/\/www.youtube.com\/watch?v=l_30b-1lmbs\u00a0\u00bb title=\u00a0\u00bbRepr\u00e9sentante du Pays Coeur d&rsquo;H\u00e9rault\u00a0\u00bb][\/vc_column][vc_column width=\u00a0\u00bb1\/3&Prime;][vc_video link=\u00a0\u00bbhttps:\/\/www.youtube.com\/watch?v=gI1ufprkePY\u00a0\u00bb title=\u00a0\u00bbFr\u00e9d\u00e9ric Roig &#8211; D\u00e9put\u00e9 de l&rsquo;H\u00e9rault\u00a0\u00bb][\/vc_column][vc_column width=\u00a0\u00bb1\/3&Prime;][vc_video link=\u00a0\u00bbhttps:\/\/www.youtube.com\/watch?v=hVf1Wh1VDrY&amp;feature=youtu.be\u00a0\u00bb title=\u00a0\u00bbRapha\u00ebl Colicci &#8211; Les pr\u00e9sentations\u00a0\u00bb][\/vc_column][\/vc_row][vc_row][vc_column width=\u00a0\u00bb1\/3&Prime;][vc_video link=\u00a0\u00bbhttps:\/\/www.youtube.com\/watch?v=AeDHsmFKZYY\u00a0\u00bb title=\u00a0\u00bbPhilippe Martin &#8211; Ecologue\u00a0\u00bb][\/vc_column][vc_column width=\u00a0\u00bb1\/3&Prime;][vc_video link=\u00a0\u00bbhttps:\/\/www.youtube.com\/watch?v=9T0NIrSjv6c\u00a0\u00bb title=\u00a0\u00bbPr Henri Pujol\u00a0\u00bb][\/vc_column][vc_column width=\u00a0\u00bb1\/3&Prime;][vc_video link=\u00a0\u00bbhttps:\/\/www.youtube.com\/watch?v=-LOkyScXL_4&Prime; title=\u00a0\u00bbSeynabou Sow\u00a0\u00bb][\/vc_column][\/vc_row]<\/p>\n<!-- AddThis Advanced Settings generic via filter on the_content --><!-- AddThis Share Buttons generic via filter on the_content -->","protected":false},"excerpt":{"rendered":"<p>[vc_row][vc_column][vc_column_text css_animation=\u00a0\u00bbappear\u00a0\u00bb css=\u00a0\u00bb.vc_custom_1465308759186{border-radius: 10px !important;}\u00a0\u00bb] L&rsquo;inauguration du Sentier [\/vc_column_text][\/vc_column][\/vc_row][vc_row css=\u00a0\u00bb.vc_custom_1465309144881{background-image: url(http:\/\/sentierdescultures.fr\/wp-content\/uploads\/2016\/06\/rendu-01.jpg?id=1576) !important;background-position: center !important;background-repeat: no-repeat !important;background-size: cover !important;}\u00a0\u00bb][vc_column width=\u00a0\u00bb1\/2&Prime; css=\u00a0\u00bb.vc_custom_1465309365308{margin-top: 0px !important;margin-right: 0px !important;margin-bottom: 0px !important;margin-left: 250px !important;}\u00a0\u00bb][vc_video link=\u00a0\u00bbhttps:\/\/www.youtube.com\/watch?v=el7fI5Gp5Ek\u00a0\u00bb align=\u00a0\u00bbcenter\u00a0\u00bb title=\u00a0\u00bbPierre Rabhi\u00a0\u00bb][\/vc_column][\/vc_row][vc_row][vc_column width=\u00a0\u00bb1\/3&Prime;][vc_video link=\u00a0\u00bbhttps:\/\/www.youtube.com\/watch?v=l_30b-1lmbs\u00a0\u00bb title=\u00a0\u00bbRepr\u00e9sentante du Pays Coeur d&rsquo;H\u00e9rault\u00a0\u00bb][\/vc_column][vc_column width=\u00a0\u00bb1\/3&Prime;][vc_video link=\u00a0\u00bbhttps:\/\/www.youtube.com\/watch?v=gI1ufprkePY\u00a0\u00bb title=\u00a0\u00bbFr\u00e9d\u00e9ric Roig &#8211; D\u00e9put\u00e9 de l&rsquo;H\u00e9rault\u00a0\u00bb][\/vc_column][vc_column width=\u00a0\u00bb1\/3&Prime;][vc_video link=\u00a0\u00bbhttps:\/\/www.youtube.com\/watch?v=hVf1Wh1VDrY&amp;feature=youtu.be\u00a0\u00bb title=\u00a0\u00bbRapha\u00ebl Colicci &#8211; Les pr\u00e9sentations\u00a0\u00bb][\/vc_column][\/vc_row][vc_row][vc_column width=\u00a0\u00bb1\/3&Prime;][vc_video link=\u00a0\u00bbhttps:\/\/www.youtube.com\/watch?v=AeDHsmFKZYY\u00a0\u00bb title=\u00a0\u00bbPhilippe Martin &#8211; Ecologue\u00a0\u00bb][\/vc_column][vc_column width=\u00a0\u00bb1\/3&Prime;][vc_video link=\u00a0\u00bbhttps:\/\/www.youtube.com\/watch?v=9T0NIrSjv6c\u00a0\u00bb title=\u00a0\u00bbPr Henri Pujol\u00a0\u00bb][\/vc_column][vc_column width=\u00a0\u00bb1\/3&Prime;][vc_video link=\u00a0\u00bbhttps:\/\/www.youtube.com\/watch?v=-LOkyScXL_4&Prime; title=\u00a0\u00bbSeynabou Sow\u00a0\u00bb][\/vc_column][\/vc_row]<!-- AddThis Advanced Settings generic via filter on get_the_excerpt --><!-- AddThis Share Buttons generic via filter on get_the_excerpt --><\/p>\n","protected":false},"author":1,"featured_media":0,"parent":0,"menu_order":0,"comment_status":"open","ping_status":"open","template":"","meta":{"footnotes":""},"_links":{"self":[{"href":"https:\/\/sentierdescultures.fr\/index.php?rest_route=\/wp\/v2\/pages\/1495"}],"collection":[{"href":"https:\/\/sentierdescultures.fr\/index.php?rest_route=\/wp\/v2\/pages"}],"about":[{"href":"https:\/\/sentierdescultures.fr\/index.php?rest_route=\/wp\/v2\/types\/page"}],"author":[{"embeddable":true,"href":"https:\/\/sentierdescultures.fr\/index.php?rest_route=\/wp\/v2\/users\/1"}],"replies":[{"embeddable":true,"href":"https:\/\/sentierdescultures.fr\/index.php?rest_route=%2Fwp%2Fv2%2Fcomments&post=1495"}],"version-history":[{"count":16,"href":"https:\/\/sentierdescultures.fr\/index.php?rest_route=\/wp\/v2\/pages\/1495\/revisions"}],"predecessor-version":[{"id":1577,"href":"https:\/\/sentierdescultures.fr\/index.php?rest_route=\/wp\/v2\/pages\/1495\/revisions\/1577"}],"wp:attachment":[{"href":"https:\/\/sentierdescultures.fr\/index.php?rest_route=%2Fwp%2Fv2%2Fmedia&parent=1495"}],"curies":[{"name":"wp","href":"https:\/\/api.w.org\/{rel}","templated":true}]}}