{"id":509,"date":"2015-03-05T19:06:45","date_gmt":"2015-03-05T18:06:45","guid":{"rendered":"http:\/\/localhost:8888\/?page_id=509"},"modified":"2016-06-05T14:10:57","modified_gmt":"2016-06-05T13:10:57","slug":"points-pratiques-page","status":"publish","type":"page","link":"https:\/\/sentierdescultures.fr\/?page_id=509","title":{"rendered":"Points Pratiques page"},"content":{"rendered":"<p>[vc_row][vc_column width=\u00a0\u00bb1\/2&Prime;][vc_single_image image=\u00a0\u00bb1520&Prime; img_size=\u00a0\u00bbmedium\u00a0\u00bb alignment=\u00a0\u00bbcenter\u00a0\u00bb css_animation=\u00a0\u00bbappear\u00a0\u00bb][\/vc_column][vc_column width=\u00a0\u00bb1\/2&Prime;][vc_column_text]<\/p>\n<h1>Se rep\u00e9rer<\/h1>\n<p>[\/vc_column_text][vc_button2 title=\u00a0\u00bbAgrandir\u00a0\u00bb style=\u00a0\u00bbsquare\u00a0\u00bb color=\u00a0\u00bbchino\u00a0\u00bb link=\u00a0\u00bburl:http%3A%2F%2Fsentierdescultures.fr%2Fwp-content%2Fuploads%2F2015%2F03%2Fplan.jpg||\u00a0\u00bb][\/vc_column][\/vc_row][vc_row][vc_column font_color=\u00a0\u00bb#000000&Prime;][vc_column_text]<\/p>\n<h1>LES PROTAGONISTES<\/h1>\n<p>[\/vc_column_text][\/vc_column][\/vc_row][vc_row][vc_column width=\u00a0\u00bb1\/2&Prime;][vc_column_text]<\/p>\n<h1>Rapha\u00ebl Colicci<\/h1>\n<p class=\"biographie\"><span class=\"biographie-plus-plus\">Rapha\u00ebl Colicci compte parmi ceux\u00a0<\/span>qui ont connu un monde tr\u00e8s diff\u00e9rent. Il est facile de s\u2019en rendre compte quand il se tient devant vous et surtout quand il \u00e9tend les bras pour d\u00e9signer le domaine naturel qu\u2019il a fa\u00e7onn\u00e9 dans les contreforts du Larzac. Ses mains aux phalanges puissantes agissent, portent, p\u00e8sent, et donnent tout ce qu\u2019elles peuvent.\u00a0Ses \u00e9paules font penser aux travaux d\u2019Hercule et ses yeux sont aveugles aux obstacles qui s\u2019opposent\u00a0<em>au monde selon Rapha\u00ebl<\/em>. Le monde qu\u2019il a choisi de reconstituer et de d\u00e9fendre pour y\u00a0<span class=\"biographie-plus-plus\">fonder Oleatherm<\/span>.\u00a0Rapha\u00ebl est n\u00e9 en Italie, dans le village d\u2019Esp\u00e9ria,\u00a0<span class=\"biographie-plus-plus\">pr\u00e8s de Rome<\/span>, et c\u2019est d\u2019une fa\u00e7on peu commune qu\u2019il est nourri, \u00e0 d\u00e9faut du lait de sa m\u00e8re, de lait d\u2019\u00e2nesse. L\u2019animal est tous les jours mobilis\u00e9 pour le travail au champ mais en telle circonstance, il prot\u00e9gera aussi la vie du nouveau-n\u00e9 \u00e0 l\u2019int\u00e9rieur m\u00eame du moulin \u00e0 huile de son grand-p\u00e8re.\u00a0<span class=\"biographie-plus-plus\">L\u2019atmosph\u00e8re de l\u2019huile impr\u00e9gnera l\u2019enfant en survie<\/span>\u00a0avec une telle force que l\u2019olivier et ses bienfaits resteront synonymes de force vitale et de secours providentiel. Depuis ce temps, Rapha\u00ebl con\u00e7oit l\u2019olive comme une manne nourrissante et le premier trait d\u2019union entre lui et la nature. C\u2019est ainsi que le germe de l\u2019ol\u00e9oth\u00e9rapie fut implant\u00e9 dans l\u2019esprit de ce petit gar\u00e7on.\u00a0Rapha\u00ebl est habit\u00e9 par l\u2019\u00e9poque o\u00f9 les moissons se faisaient \u00e0 la main, o\u00f9 des vaches donnaient leur veau, leur lait et le beurre qu\u2019on\u00a0 savourait sur des miches de pain\u00a0<em>grosses comme \u00e7a\u00a0!\u00a0<\/em>Le cochon \u00e9tait tu\u00e9 sur la pierre et les travailleurs en maillot de corps chantaient ensemble pour louer la f\u00e9condit\u00e9 de la terre.<\/p>\n<p>[\/vc_column_text][\/vc_column][vc_column width=\u00a0\u00bb1\/2&Prime;][vc_widget_sidebar][vc_single_image image=\u00a0\u00bb512&Prime; img_size=\u00a0\u00bbfull\u00a0\u00bb][\/vc_column][\/vc_row][vc_row][vc_column width=\u00a0\u00bb1\/2&Prime;][vc_column_text]<\/p>\n<h1>Philippe Martin<\/h1>\n<p>[\/vc_column_text][\/vc_column][vc_column width=\u00a0\u00bb1\/2&Prime;][vc_widget_sidebar][vc_single_image image=\u00a0\u00bb514&Prime; img_size=\u00a0\u00bbfull\u00a0\u00bb][\/vc_column][\/vc_row]<\/p>\n<!-- AddThis Advanced Settings generic via filter on the_content --><!-- AddThis Share Buttons generic via filter on the_content -->","protected":false},"excerpt":{"rendered":"<p>[vc_row][vc_column width=\u00a0\u00bb1\/2&Prime;][vc_single_image image=\u00a0\u00bb1520&Prime; img_size=\u00a0\u00bbmedium\u00a0\u00bb alignment=\u00a0\u00bbcenter\u00a0\u00bb css_animation=\u00a0\u00bbappear\u00a0\u00bb][\/vc_column][vc_column width=\u00a0\u00bb1\/2&Prime;][vc_column_text] Se rep\u00e9rer [\/vc_column_text][vc_button2 title=\u00a0\u00bbAgrandir\u00a0\u00bb style=\u00a0\u00bbsquare\u00a0\u00bb color=\u00a0\u00bbchino\u00a0\u00bb link=\u00a0\u00bburl:http%3A%2F%2Fsentierdescultures.fr%2Fwp-content%2Fuploads%2F2015%2F03%2Fplan.jpg||\u00a0\u00bb][\/vc_column][\/vc_row][vc_row][vc_column font_color=\u00a0\u00bb#000000&Prime;][vc_column_text] LES PROTAGONISTES [\/vc_column_text][\/vc_column][\/vc_row][vc_row][vc_column width=\u00a0\u00bb1\/2&Prime;][vc_column_text] Rapha\u00ebl Colicci Rapha\u00ebl Colicci compte parmi ceux\u00a0qui ont connu un monde tr\u00e8s diff\u00e9rent. Il est facile de s\u2019en rendre compte quand il se tient devant vous et surtout quand il \u00e9tend les bras pour d\u00e9signer le domaine naturel qu\u2019il a fa\u00e7onn\u00e9 dans les contreforts du Larzac. Ses mains aux phalanges puissantes agissent, portent, p\u00e8sent, et donnent tout ce qu\u2019elles peuvent.\u00a0Ses \u00e9paules font penser aux travaux d\u2019Hercule et ses yeux sont aveugles aux obstacles qui s\u2019opposent\u00a0au monde selon Rapha\u00ebl. Le monde qu\u2019il [&hellip;]<!-- AddThis Advanced Settings generic via filter on get_the_excerpt --><!-- AddThis Share Buttons generic via filter on get_the_excerpt --><\/p>\n","protected":false},"author":1,"featured_media":0,"parent":0,"menu_order":0,"comment_status":"open","ping_status":"open","template":"","meta":{"footnotes":""},"_links":{"self":[{"href":"https:\/\/sentierdescultures.fr\/index.php?rest_route=\/wp\/v2\/pages\/509"}],"collection":[{"href":"https:\/\/sentierdescultures.fr\/index.php?rest_route=\/wp\/v2\/pages"}],"about":[{"href":"https:\/\/sentierdescultures.fr\/index.php?rest_route=\/wp\/v2\/types\/page"}],"author":[{"embeddable":true,"href":"https:\/\/sentierdescultures.fr\/index.php?rest_route=\/wp\/v2\/users\/1"}],"replies":[{"embeddable":true,"href":"https:\/\/sentierdescultures.fr\/index.php?rest_route=%2Fwp%2Fv2%2Fcomments&post=509"}],"version-history":[{"count":11,"href":"https:\/\/sentierdescultures.fr\/index.php?rest_route=\/wp\/v2\/pages\/509\/revisions"}],"predecessor-version":[{"id":1521,"href":"https:\/\/sentierdescultures.fr\/index.php?rest_route=\/wp\/v2\/pages\/509\/revisions\/1521"}],"wp:attachment":[{"href":"https:\/\/sentierdescultures.fr\/index.php?rest_route=%2Fwp%2Fv2%2Fmedia&parent=509"}],"curies":[{"name":"wp","href":"https:\/\/api.w.org\/{rel}","templated":true}]}}